{"id":15,"date":"2019-09-24T13:51:33","date_gmt":"2019-09-24T13:51:33","guid":{"rendered":"http:\/\/judo4bjj.de\/?page_id=15"},"modified":"2019-09-27T13:45:00","modified_gmt":"2019-09-27T13:45:00","slug":"ueber-uns","status":"publish","type":"page","link":"https:\/\/judo4bjj.de\/?page_id=15","title":{"rendered":"\u00dcber uns"},"content":{"rendered":"\r\n<p>Wir sind eine Gruppe von aktiven und lernwilligen K\u00e4mpfern zwischen 15 und 60 Jahren aus dem Einzugsgebiet D\u00fcsseldorf, K\u00f6ln und M\u00f6nchengladbach und trainieren in Grevenbroich.<\/p>\r\n<p>Obwohl wir als\u00a0 Teil eines Judo-Breitensportvereins, der regul\u00e4r dem Deutschen Judo Bund e.V. (DJB) angeschlossen ist, die \u00fcbliche Auslegung des Judo kennen, folgen wir der Lehrlinie nach Tokio Hirano, was wir als &#8222;Old-School-Judo&#8220; verstehen.<\/p>\r\n<p>Da wir sind davon \u00fcberzeugt, dass sich Judo und BJJ hervorragend erg\u00e4nzen, passen wir unsere Techniken und Trainings-Konzepte\u00a0 seit einigen Jahren entsprechend an\u00a0 und sind so viel flexibler geworden.\u00a0<\/p>\r\n<p>Wir trainieren und k\u00e4mpfen daher auch abseits des \u00fcblichen IJF-Judo-Regelwerkes\u00a0 und gehen zu Wettk\u00e4mpfen von verschiedenen Verb\u00e4nden oder verbandslosen, offenen Turnieren, und wir haben auch Erfolge vorzuweisen.<\/p>\r\n<p>N\u00e4heres erf\u00e4hrst du auf unserer Seite unter den Punkten Brazilian Jiu Jitsu , Judo und Grappling.<\/p>\r\n\r\n\r\n\r\n\r\n","protected":false},"excerpt":{"rendered":"<p>Wir sind eine Gruppe von aktiven und lernwilligen K\u00e4mpfern zwischen 15 und 60 Jahren aus dem Einzugsgebiet D\u00fcsseldorf, K\u00f6ln und M\u00f6nchengladbach und trainieren in Grevenbroich. Obwohl wir als\u00a0 Teil eines Judo-Breitensportvereins, der regul\u00e4r dem Deutschen Judo Bund e.V. (DJB) angeschlossen ist, die \u00fcbliche Auslegung des Judo kennen, folgen wir der Lehrlinie nach Tokio Hirano, was wir als &#8222;Old-School-Judo&#8220; verstehen. Da wir sind davon \u00fcberzeugt, dass sich Judo und BJJ hervorragend erg\u00e4nzen, passen wir unsere Techniken und Trainings-Konzepte\u00a0 seit einigen Jahren &hellip; <\/p>\n","protected":false},"author":1,"featured_media":0,"parent":0,"menu_order":0,"comment_status":"closed","ping_status":"closed","template":"","meta":{"footnotes":""},"class_list":["post-15","page","type-page","status-publish","hentry"],"jetpack_sharing_enabled":true,"_links":{"self":[{"href":"https:\/\/judo4bjj.de\/index.php?rest_route=\/wp\/v2\/pages\/15","targetHints":{"allow":["GET"]}}],"collection":[{"href":"https:\/\/judo4bjj.de\/index.php?rest_route=\/wp\/v2\/pages"}],"about":[{"href":"https:\/\/judo4bjj.de\/index.php?rest_route=\/wp\/v2\/types\/page"}],"author":[{"embeddable":true,"href":"https:\/\/judo4bjj.de\/index.php?rest_route=\/wp\/v2\/users\/1"}],"replies":[{"embeddable":true,"href":"https:\/\/judo4bjj.de\/index.php?rest_route=%2Fwp%2Fv2%2Fcomments&post=15"}],"version-history":[{"count":8,"href":"https:\/\/judo4bjj.de\/index.php?rest_route=\/wp\/v2\/pages\/15\/revisions"}],"predecessor-version":[{"id":75,"href":"https:\/\/judo4bjj.de\/index.php?rest_route=\/wp\/v2\/pages\/15\/revisions\/75"}],"wp:attachment":[{"href":"https:\/\/judo4bjj.de\/index.php?rest_route=%2Fwp%2Fv2%2Fmedia&parent=15"}],"curies":[{"name":"wp","href":"https:\/\/api.w.org\/{rel}","templated":true}]}}