{"id":30,"date":"2019-09-24T13:58:39","date_gmt":"2019-09-24T13:58:39","guid":{"rendered":"http:\/\/judo4bjj.de\/?page_id=30"},"modified":"2021-03-14T15:22:05","modified_gmt":"2021-03-14T15:22:05","slug":"trainingszeiten","status":"publish","type":"page","link":"https:\/\/judo4bjj.de\/?page_id=30","title":{"rendered":"Trainingszeiten"},"content":{"rendered":"\r\n<p>Mittwoch:<\/p>\r\n\r\n\r\n\r\n<p>20:00 \u2013 21:30 Uhr Gi- und NoGi-Grappling)<\/p>\r\n\r\n\r\n\r\n<p><strong>ACHTUNG:\u00a0 In den Schulferien findet das Training am Mittwoch nur nach individueller R\u00fccksprache statt. <br \/><\/strong><\/p>\r\n\r\n\r\n\r\n<p>Freitag:<\/p>\r\n\r\n\r\n\r\n<p>20:00 \u2013 21:30 Uhr (Judo 4 BJJ)<\/p>\r\n\r\n\r\n\r\n<p>21:30 \u2013 22:00 Uhr (freies Training\/Sparring)<\/p>\r\n\r\n\r\n\r\n<p>Wir trainieren in der Turnhalle am Erftstadion in 41516 Grevenbroich-Kapellen (Weimarstra\u00dfe).<\/p>\r\n<p><iframe loading=\"lazy\" style=\"border: 0;\" src=\"https:\/\/www.google.com\/maps\/embed?pb=!1m18!1m12!1m3!1d2504.1905489426745!2d6.617016315755894!3d51.12339317957381!2m3!1f0!2f0!3f0!3m2!1i1024!2i768!4f13.1!3m3!1m2!1s0x47bf4c821cfe8885%3A0xf95f52c27e030d23!2sTurnhalle%20am%20Jupp-Breuer-Stadion%20Kapellen!5e0!3m2!1sde!2sde!4v1615733727790!5m2!1sde!2sde\" width=\"600\" height=\"450\" allowfullscreen=\"allowfullscreen\"><\/iframe><\/p>\r\n<p>&nbsp;<\/p>\r\n\r\n\r\n\r\n<p>Au\u00dferhalb der regul\u00e4ren Trainingszeiten bieten wir nach Absprache weitere Einheiten und \u201eopen mats\u201c an\u2026<\/p>\r\n\r\n\r\n\r\n<p>Das Mindestalter f\u00fcr die Teilnahme betr\u00e4gt 14 Jahre!<\/p>\r\n","protected":false},"excerpt":{"rendered":"<p>Mittwoch: 20:00 \u2013 21:30 Uhr Gi- und NoGi-Grappling) ACHTUNG:\u00a0 In den Schulferien findet das Training am Mittwoch nur nach individueller R\u00fccksprache statt. Freitag: 20:00 \u2013 21:30 Uhr (Judo 4 BJJ) 21:30 \u2013 22:00 Uhr (freies Training\/Sparring) Wir trainieren in der Turnhalle am Erftstadion in 41516 Grevenbroich-Kapellen (Weimarstra\u00dfe). &nbsp; Au\u00dferhalb der regul\u00e4ren Trainingszeiten bieten wir nach Absprache weitere Einheiten und \u201eopen mats\u201c an\u2026 Das Mindestalter f\u00fcr die Teilnahme betr\u00e4gt 14 Jahre!<\/p>\n","protected":false},"author":1,"featured_media":0,"parent":0,"menu_order":0,"comment_status":"closed","ping_status":"closed","template":"","meta":{"footnotes":""},"class_list":["post-30","page","type-page","status-publish","hentry"],"jetpack_sharing_enabled":true,"_links":{"self":[{"href":"https:\/\/judo4bjj.de\/index.php?rest_route=\/wp\/v2\/pages\/30","targetHints":{"allow":["GET"]}}],"collection":[{"href":"https:\/\/judo4bjj.de\/index.php?rest_route=\/wp\/v2\/pages"}],"about":[{"href":"https:\/\/judo4bjj.de\/index.php?rest_route=\/wp\/v2\/types\/page"}],"author":[{"embeddable":true,"href":"https:\/\/judo4bjj.de\/index.php?rest_route=\/wp\/v2\/users\/1"}],"replies":[{"embeddable":true,"href":"https:\/\/judo4bjj.de\/index.php?rest_route=%2Fwp%2Fv2%2Fcomments&post=30"}],"version-history":[{"count":4,"href":"https:\/\/judo4bjj.de\/index.php?rest_route=\/wp\/v2\/pages\/30\/revisions"}],"predecessor-version":[{"id":218,"href":"https:\/\/judo4bjj.de\/index.php?rest_route=\/wp\/v2\/pages\/30\/revisions\/218"}],"wp:attachment":[{"href":"https:\/\/judo4bjj.de\/index.php?rest_route=%2Fwp%2Fv2%2Fmedia&parent=30"}],"curies":[{"name":"wp","href":"https:\/\/api.w.org\/{rel}","templated":true}]}}