{"id":58,"date":"2019-09-24T14:55:37","date_gmt":"2019-09-24T14:55:37","guid":{"rendered":"http:\/\/judo4bjj.de\/?page_id=58"},"modified":"2019-09-27T10:24:49","modified_gmt":"2019-09-27T10:24:49","slug":"datenschutz","status":"publish","type":"page","link":"https:\/\/judo4bjj.de\/?page_id=58","title":{"rendered":"Datenschutz"},"content":{"rendered":"\n<p><a href=\"http:\/\/vollzeitvater.de\/\">\n\t\t\t\t\t\t\n\t\t\t\t\t<\/a><\/p>\n\n\n\n<h2 class=\"wp-block-heading\"><strong>Allgemeine Hinweise<\/strong><\/h2>\n\n\n\n<p>Ich nehme den Schutz Ihrer pers\u00f6nlichen Daten sehr ernst und halte \nmich strikt an die Regeln der Datenschutzgesetze. Personenbezogene Daten\n werden auf dieser Webseite nur im technisch notwendigen Umfang erhoben.\n In keinem Fall werden die erhobenen Daten verkauft oder aus anderen \nGr\u00fcnden an Dritte weitergegeben.<\/p>\n\n\n\n<p>Die nachfolgende Erkl\u00e4rung (unten) gibt Ihnen einen \u00dcberblick \ndar\u00fcber, wie ich diesen Schutz gew\u00e4hrleiste und welche Art von Daten zu \nwelchem Zweck erhoben werden.<\/p>\n\n\n\n<h2 class=\"wp-block-heading\">Datenverarbeitung auf dieser Internetseite<\/h2>\n\n\n\n<p>Mein Webspace-Provider erhebt und speichert automatisch in ihren \nServer Log Files Informationen, die Ihr Browser an uns \u00fcbermittelt. Dies\n sind:<\/p>\n\n\n\n<ul class=\"wp-block-list\"><li>Browsertyp\/ -version<\/li><li>verwendetes Betriebssystem<\/li><li>Referrer URL (die zuvor besuchte Seite)<\/li><li>Hostname des zugreifenden Rechners (IP Adresse)<\/li><li>Uhrzeit der Serveranfrage.<\/li><\/ul>\n\n\n\n<p>Diese Daten sind f\u00fcr meinen Provider nicht bestimmten Personen \nzuordenbar. Eine Zusammenf\u00fchrung dieser Daten mit anderen Datenquellen \nwird nicht vorgenommen, die Daten werden zudem nach einer statistischen \nAuswertung gel\u00f6scht.<\/p>\n\n\n\n<h3 class=\"wp-block-heading\">Cookies<\/h3>\n\n\n\n<p>Das Blog verwendet an einigen Stellen so genannte Cookies. Sie dienen\n dazu, mein Angebot benutzerfreundlicher, effektiver und sicherer zu \nmachen. Cookies sind kleine Textdateien, die auf Ihrem Rechner abgelegt \nwerden und die Ihr Browser speichert. Die meisten der von mir \nverwendeten Cookies sind so genannte \u201eSession-Cookies\u201c. Sie werden nach \nEnde Ihres Besuchs automatisch gel\u00f6scht. Cookies richten auf Ihrem \nRechner keinen Schaden an und enthalten keine Viren.<\/p>\n\n\n\n<p>Wenn Sie auf meiner Webseite surfen, werden aktuell folgende Coockies verwendet:<\/p>\n\n\n\n<p>Social Media Tracker: keine<\/p>\n\n\n\n<p>Webseiten-Analytics: WordPress-Stats und VG-Wort<\/p>\n\n\n\n<p><\/p>\n\n\n\n<h3 class=\"wp-block-heading\">Kommentare, E-Mails<\/h3>\n\n\n\n<p>Selbstverst\u00e4ndlich erfasse und speichere ich solche Informationen, \ndie Sie auf dem Blog eingeben oder mir in sonstiger Weise \u00fcbermitteln. \nDas betrifft etwa Kommentare, Namen, Email-Adressen und URLs, die Sie in\n die entsprechenden Kommentarfelder eintragen. Diese Angaben geschehen \nfreiwillig und werden in keiner Weise \u00fcberpr\u00fcft, die Verwendung von \nPseudonymen etc. ist m\u00f6glich. Ich weise darauf hin, dass Name, \nangegebene Webseite und Kommentare f\u00fcr jeden Benutzer der Seite \neinzusehen sind.<\/p>\n\n\n\n<p>Daten werden auch erfasst und gespeichert, wenn Sie E-Mails an mich senden.<\/p>\n\n\n\n<h3 class=\"wp-block-heading\"><strong>Datenschutzerkl\u00e4rung<\/strong><\/h3>\n\n\n\n<p>Die nachfolgende Datenschutzerkl\u00e4rung gilt f\u00fcr die Nutzung der  Webseite [www.jud04bjj.de] nachfolgend \u201eWebsite\u201c. Ich messe dem  Datenschutz gro\u00dfe Bedeutung bei. Die Erhebung und Verarbeitung Ihrer  personenbezogenen Daten geschieht unter Beachtung der geltenden  datenschutzrechtlichen Vorschriften, insbesondere der  EU-Datenschutzgrundverordnung (DSGVO). Ich erhebe und verarbeite Ihre  personenbezogenen Daten, um Ihnen das oben genannte Blog anbieten zu  k\u00f6nnen.<\/p>\n\n\n\n<p>Diese Erkl\u00e4rung beschreibt, wie und zu welchem Zweck Ihre Daten \nerfasst und genutzt werden und welche Wahlm\u00f6glichkeiten Sie im \nZusammenhang mit pers\u00f6nlichen Daten haben. Durch Ihre Verwendung dieser \nWebsite stimmen Sie der Erfassung, Nutzung und \u00dcbertragung Ihrer Daten \ngem\u00e4\u00df dieser Datenschutzerkl\u00e4rung zu.<br>\n1. Verantwortliche Stelle<br>\nVerantwortliche Stelle f\u00fcr die Erhebung, Verarbeitung und Nutzung Ihrer \npersonenbezogenen Daten im Sinne der DSGVO ist: Guido Sch\u00fcffelgen, \nNachtigallenweg 21, 41065 M\u00f6nchengladbach (weitere Kontaktm\u00f6glichkeiten \nim Impressum)<br>\nSofern Sie der Erhebung, Verarbeitung oder Nutzung Ihrer Daten durch \nmich nach Ma\u00dfgabe dieser Datenschutzbestimmungen insgesamt oder f\u00fcr \neinzelne Ma\u00dfnahmen widersprechen wollen, k\u00f6nnen Sie Ihren Widerspruch an\n oben genannte verantwortliche Stelle richten.<br>\nSie k\u00f6nnen diese Datenschutzerkl\u00e4rung jederzeit speichern und ausdrucken.<\/p>\n\n\n\n<p>2.<br>\n2.1 Allgemeine Nutzung der Webseite \/ Zugriffsdaten<\/p>\n\n\n\n<p>Ich sammle Informationen \u00fcber Sie, wenn Sie diese Webseite nutzen.  Ich erfasse automatisch Informationen \u00fcber Ihr Nutzungsverhalten und  Ihre Interaktion mit judo4bjj.de und registriere Daten zu Ihrem  Computer oder Mobilger\u00e4t. Ich erhebe, speichere und nutze<br> Daten \u00fcber jeden Zugriff auf meinen Blog (sogenannte Serverlogfiles). Zu  den Zugriffsdaten geh\u00f6ren Name und URL der abgerufenen Datei, Datum und  Uhrzeit des Abrufs, \u00fcbertragene Datenmenge, Meldung \u00fcber erfolgreichen  Abruf (HTTP response code), Browsertyp und Browserversion,  Betriebssystem, Referrer URL (d.h. die zuvor besuchte Seite), IP-Adresse  und der anfragende Provider.<\/p>\n\n\n\n<p>Ich nutze diese Protokolldaten ohne Zuordnung zu Ihrer Person oder \nsonstiger Profilerstellung f\u00fcr statistische Auswertungen zum Zweck des \nBetriebs, der Sicherheit und der Optimierung meines Onlineangebotes, \naber auch zur anonymen Erfassung der Anzahl der Besucher auf meiner \nWebseite (traffic) sowie zu Umfang und zur Art der Nutzung meiner \nWebseite und Dienste, ebenso zu Abrechnungszwecken, um die Anzahl der \nvon Kooperationspartnern erhaltenen Clicks zu messen. Aufgrund dieser \nInformationen kann ich personalisierte und standortbezogene Inhalte zur \nVerf\u00fcgung stellen und den Datenverkehr analysieren, Fehler suchen und \nbeheben und meine Dienste verbessern.<\/p>\n\n\n\n<p>Ich behalte mir vor, die Protokolldaten nachtr\u00e4glich zu \u00fcberpr\u00fcfen, \nwenn aufgrund konkreter Anhaltspunkte der berechtigte Verdacht einer \nrechtswidrigen Nutzung besteht. IP-Adressen speichere ich f\u00fcr einen \nbegrenzten Zeitraum in den Logfiles, wenn dies f\u00fcr<br>\nSicherheitszwecke erforderlich oder f\u00fcr die Leistungserbringung oder die\n Abrechnung einer Leistung n\u00f6tig ist, z. B. speichere ich IP-Adressen \ndann, wenn ich den konkreten Verdacht einer Straftat im Zusammenhang mit\n der Nutzung meiner Website habe. Au\u00dferdem speichere ich als Teil Ihres \nAccounts das Datum Ihres letzten Besuchs (z.B. bei Registrierung, Login,\n Klicken von Links etc.).<\/p>\n\n\n\n<p>2.2 E-Mail Kontakt<br>\nWenn Sie mit mit in Kontakt treten (z. B. per Kontaktformular oder \nE-Mail), speichere ich Ihre Angaben zur Bearbeitung der Anfrage sowie \nf\u00fcr den Fall, dass Anschlussfragen entstehen. Weitere personenbezogene \nDaten speicher und nutze ich nur, wenn Sie dazu<br>\neinwilligen oder dies ohne besondere Einwilligung gesetzlich zul\u00e4ssig ist.<\/p>\n\n\n\n<p>2.3 Google Analytics<\/p>\n\n\n\n<p>Ich nutze Google Analytics nicht.<\/p>\n\n\n\n<p>Nachfolgend finden Sie eine \u00dcbersicht \u00fcber Ihre Rechte.<\/p>\n\n\n\n<p>3.1 Recht auf Best\u00e4tigung und Auskunft<br>\nSie haben jederzeit das Recht, von mir eine Best\u00e4tigung dar\u00fcber zu \nerhalten, ob personenbezogene Daten verarbeitet werden. Ist dies der \nFall, so haben Sie das Recht, von mir eine unentgeltliche Auskunft \u00fcber \ndie zu Ihnen gespeicherten personenbezogenen Daten nebst einer Kopie \ndieser Daten zu erlangen. Des weiteren besteht ein Recht auf folgende \nInformationen:<\/p>\n\n\n\n<p>1. die Verarbeitungszwecke;<br>\n2. die Kategorien personenbezogener Daten, die verarbeitet werden;<br>\n3. die Empf\u00e4nger oder Kategorien von Empf\u00e4ngern, gegen\u00fcber denen die<br>\npersonenbezogenen Daten offen gelegt worden sind oder noch offen gelegt \nwerden, insbesondere bei Empf\u00e4ngern in Drittl\u00e4ndern oder bei \ninternationalen Organisationen;<br>\n4. falls m\u00f6glich die geplante Dauer, f\u00fcr die die personenbezogenen Daten\n gespeichert werden, oder, falls dies nicht m\u00f6glich ist, die Kriterien \nf\u00fcr die Festlegung dieser Dauer;<br>\n5. das Bestehen eines Rechts auf Berichtigung oder L\u00f6schung der Sie \nbetreffenden personenbezogenen Daten oder auf Einschr\u00e4nkung der \nVerarbeitung durch den Verantwortlichen oder eines Widerspruchsrechts \ngegen diese Verarbeitung;<br>\n6. das Bestehen eines Beschwerderechts bei einer Aufsichtsbeh\u00f6rde;<br>\n7. wenn die personenbezogenen Daten nicht bei Ihnen erhoben werden, alle verf\u00fcgbaren Informationen \u00fcber die Herkunft der Daten;<br>\n8. das Bestehen einer automatisierten Entscheidungsfindung \neinschlie\u00dflich Profiling gem\u00e4\u00df Artikel 22 Abs\u00e4tze 1 und 4 DSGVO und \u2013 \nzumindest in diesen F\u00e4llen \u2013 aussagekr\u00e4ftige Informationen \u00fcber die \ninvolvierte Logik sowie die Tragweite und die<br>\nangestrebten Auswirkungen einer derartigen Verarbeitung f\u00fcr Sie. Werden \npersonenbezogene Daten an ein Drittland oder an eine internationale \nOrganisation \u00fcbermittelt, so haben Sie das Recht, \u00fcber die geeigneten \nGarantien gem\u00e4\u00df Artikel 46 DSGVO im Zusammenhang mit der \u00dcbermittlung \nunterrichtet zu werden.<\/p>\n\n\n\n<p>3.2<br>\nRecht auf Berichtigung<br>\nSie haben das Recht, von mir unverz\u00fcglich die Berichtigung Sie \nbetreffender unrichtiger personenbezogener Daten zu verlangen. Unter \nBer\u00fccksichtigung der Zwecke der haben Sie das Recht, die \nVervollst\u00e4ndigung unvollst\u00e4ndiger personenbezogener Daten \u2013 auch mittels<br>\neiner erg\u00e4nzenden Erkl\u00e4rung \u2013 zu verlangen.<\/p>\n\n\n\n<p>3.3<br>\nRecht auf L\u00f6schung (\u201eRecht auf Vergessenwerden\u201c) Sie haben das Recht, \nvon mir zu verlangen, dass Sie betreffende personenbezogene Daten \nunverz\u00fcglich gel\u00f6scht werden, und ich bin verpflichtet, personenbezogene\n Daten unverz\u00fcglich zu l\u00f6schen, sofern einer der folgenden Gr\u00fcnde \nzutrifft:<\/p>\n\n\n\n<p>1. Die personenbezogenen Daten sind f\u00fcr die Zwecke, f\u00fcr die sie \nerhoben oder auf sonstige Weise verarbeitet wurden, nicht mehr \nnotwendig.<br>\n2. Sie widerrufen Ihre Einwilligung, auf die sich die Verarbeitung gem\u00e4\u00df\n Artikel 6 Absatz 1 DSGVO Buchstabe a oder Artikel 9 Absatz 2 Buchstabe a\n DSGVO st\u00fctzte, und es fehlt an einer anderweitigen Rechtsgrundlage f\u00fcr \ndie Verarbeitung.<br>\n3. Sie legen gem\u00e4\u00df Artikel 21 Absatz 1 DSGVO Widerspruch gegen die \nVerarbeitung ein und es liegen keine vorrangigen berechtigten Gr\u00fcnde f\u00fcr\n die Verarbeitung vor, oder Sie legen gem\u00e4\u00df Artikel 21 Absatz 2 DSGVO \nWiderspruch gegen die Verarbeitung ein.<br>\n4. Die personenbezogenen Daten wurden unrechtm\u00e4\u00dfig verarbeitet.<br>\n5. Die L\u00f6schung der personenbezogenen Daten ist zur Erf\u00fcllung einer \nrechtlichen Verpflichtung nach dem Unionsrecht oder dem Recht der \nMitgliedstaaten erforderlich, dem ich unterliege.<br>\n6. Die personenbezogenen Daten wurden in Bezug auf angebotene Dienste \nder Informationsgesellschaft gem\u00e4\u00df Artikel 8 Absatz 1 DSGVO erhoben. \nHabe ich die personenbezogenen Daten \u00f6ffentlich gemacht und bin ich \ngem\u00e4\u00df zu deren<br>\nL\u00f6schung verpflichtet, so treffe ich unter Ber\u00fccksichtigung der \nverf\u00fcgbaren Technologie und der Implementierungskosten angemessene \nMa\u00dfnahmen, auch technischer Art, um f\u00fcr die Datenverarbeitung \nVerantwortliche, die die personenbezogenen Daten verarbeiten, dar\u00fcber<br>\nzu informieren, dass Sie von ihnen die L\u00f6schung aller Links zu diesen \npersonenbezogenen Daten oder von Kopien oder Replikationen dieser \npersonenbezogenen Daten verlangt hat.<\/p>\n\n\n\n<p>3.4<br>\nRecht auf Einschr\u00e4nkung der Verarbeitung<br>\nSie haben das Recht, von uns die Einschr\u00e4nkung der Verarbeitung zu \nverlangen, wenn eine der folgenden Voraussetzungen gegeben ist:<br>\n1. die Richtigkeit der personenbezogenen Daten wird von Ihnen \nbestritten, und zwar f\u00fcr eine Dauer, die es uns erm\u00f6glicht, die \nRichtigkeit der personenbezogenen Daten zu \u00fcberpr\u00fcfen,<br>\n2. die Verarbeitung unrechtm\u00e4\u00dfig ist und Sie die L\u00f6schung der \npersonenbezogenen Daten ablehnten und stattdessen die Einschr\u00e4nkung der \nNutzung der personenbezogenen Daten verlangt;<br>\n3. ich die personenbezogenen Daten f\u00fcr die Zwecke der Verarbeitung nicht\n l\u00e4nger ben\u00f6tige, Sie die Daten jedoch zur Geltendmachung, Aus\u00fcbung oder\n Verteidigung von Rechtsanspr\u00fcchen ben\u00f6tigten, oder<br>\n4. Sie Widerspruch gegen die Verarbeitung gem\u00e4\u00df Artikel 21 Absatz 1 \nDSGVO eingelegt haben, solange noch nicht feststeht, ob die berechtigten\n Gr\u00fcnde von mir gegen\u00fcber den Ihren \u00fcberwiegen.<\/p>\n\n\n\n<p>3.5<br>\nRecht auf Daten\u00fcbertragbarkeit<br>\nSie haben das Recht, die Sie betreffenden personenbezogenen Daten, die \nsie mir bereitgestellt haben, in einem strukturierten, g\u00e4ngigen und \nmaschinenlesbaren Format zu erhalten, und Sie haben das Recht, diese \nDaten einem anderen Verantwortlichen ohne Behinderung durch<br>\nmich zu \u00fcbermitteln, sofern<br>\n1. die Verarbeitung auf einer Einwilligung gem\u00e4\u00df Artikel 6 Absatz 1 \nBuchstabe a DSGVO oder Artikel 9 Absatz 2 Buchstabe a DSGVO oder auf \neinem Vertrag gem\u00e4\u00df Artikel 6 Absatz 1 Buchstabe b DSGVO beruht und<br>\n2. die Verarbeitung mithilfe automatisierter Verfahren erfolgt. Bei der \nAus\u00fcbung ihres Rechts auf Daten\u00fcbertragbarkeit gem\u00e4\u00df Absatz 1 haben Sie \ndas Recht, zu erwirken, dass die personenbezogenen Daten direkt von mir \neinem anderen Verantwortlichen \u00fcbermittelt werden, soweit dies technisch\n machbar ist.<\/p>\n\n\n\n<p>3.6<br>\nWiderspruchsrecht<br>\nSie haben das Recht, aus Gr\u00fcnden, die sich aus Ihrer besonderen \nSituation ergeben, jederzeit gegen die Verarbeitung sie betreffender \npersonenbezogener Daten, die aufgrund von Artikel 6 Absatz 1 Buchstaben e\n oder f DSGVO erfolgt, Widerspruch einzulegen; dies gilt<br>\nauch f\u00fcr ein auf diese Bestimmungen gest\u00fctztes Profiling. Ich verarbeite\n die personenbezogenen Daten nicht mehr, es sei denn, ich kann zwingende\n schutzw\u00fcrdige Gr\u00fcnde f\u00fcr die Verarbeitung nachweisen, die Ihre \nInteressen, Rechte und Freiheiten \u00fcberwiegen, oder die Verarbeitung \ndient der Geltendmachung, Aus\u00fcbung oder Verteidigung von \nRechtsanspr\u00fcchen. Werden personenbezogene Daten von mir verarbeitet, um \nDirektwerbung zu betreiben, so haben Sie das Recht, jederzeit \nWiderspruch gegen die Verarbeitung Sie betreffender<br>\npersonenbezogener Daten zum Zwecke derartiger Werbung einzulegen; dies \ngilt auch f\u00fcr das Profiling, soweit es mit solcher Direktwerbung in \nVerbindung steht.<br>\nSie haben das Recht, aus Gr\u00fcnden, die sich aus Ihrer besonderen \nSituation ergeben, gegen die Sie betreffende Verarbeitung sie \nbetreffender personenbezogener Daten, die zu wissenschaftlichen oder \nhistorischen Forschungszwecken oder zu statistischen Zwecken<br>\ngem\u00e4\u00df Artikel 89 Absatz 1 DSGVO erfolgt, Widerspruch einzulegen, es sei \ndenn, die Verarbeitung ist zur Erf\u00fcllung einer im \u00f6ffentlichen Interesse\n liegenden Aufgabe erforderlich.<\/p>\n\n\n\n<p>3.7<br>\nAutomatisierte Entscheidungen einschlie\u00dflich Profiling<br>\nSie haben das Recht, nicht einer ausschlie\u00dflich auf einer \nautomatisierten Verarbeitung \u2013 einschlie\u00dflich Profiling \u2013 beruhenden \nEntscheidung unterworfen zu werden, die Ihnen gegen\u00fcber rechtliche \nWirkung entfaltet oder Sie in \u00e4hnlicher Weise erheblich beeintr\u00e4chtigt.<\/p>\n\n\n\n<p>3.8<br>\nRecht auf Widerruf einer datenschutzrechtlichen Einwilligung<br>\nSie haben das Recht, eine Einwilligung zur Verarbeitung personenbezogener Daten jederzeit<br>\nzu widerrufen.<\/p>\n\n\n\n<p>3.9<br>\nRecht auf Beschwerde bei einer Aufsichtsbeh\u00f6rde<br>\nSie haben das Recht auf Beschwerde bei einer Aufsichtsbeh\u00f6rde, \ninsbesondere in dem Mitgliedstaat ihres Aufenthaltsorts, ihres \nArbeitsplatzes oder des Orts des mutma\u00dflichen Versto\u00dfes, Sie der Ansicht\n sind, dass die Verarbeitung der Sie betreffenden<br>\npersonenbezogenen Daten rechtswidrig ist.<\/p>\n\n\n\n<p>4<br>\nDatensicherheit<\/p>\n\n\n\n<p>Ich bin um die Sicherheit Ihrer Daten im Rahmen der geltenden \nDatenschutzgesetze und technischen M\u00f6glichkeiten maximal bem\u00fcht. Ihre \npers\u00f6nlichen Daten werden bei mir verschl\u00fcsselt \u00fcbertragen. Dies gilt \nf\u00fcr Ihre Bestellungen und auch f\u00fcr das Kundenlogin. Ich nutze das \nCodierungssystems SSL (Secure Socket Layer), weise jedoch darauf hin, \ndass die Daten\u00fcbertragung im Internet (z.B. bei der Kommunikation per \nE-Mail) Sicherheitsl\u00fccken aufweisen kann. Ein l\u00fcckenloser Schutz der \nDaten vor dem Zugriff durch Dritte ist nicht m\u00f6glich.<br>\nZur Sicherung Ihrer Daten unterhalte ich technische- und \norganisatorische Sicherungsma\u00dfnahmen, die ich immer wieder dem Stand der\n Technik anpassen. Ich&nbsp; gew\u00e4hrleiste au\u00dferdem nicht, dass das Blog zu \nbestimmten Zeiten zur Verf\u00fcgung steht; St\u00f6rungen, Unterbrechungen oder \nAusf\u00e4lle k\u00f6nnen nicht ausgeschlossen werden. Die von mir verwendeten \nServer werden regelm\u00e4\u00dfig sorgf\u00e4ltig gesichert.<\/p>\n\n\n\n<p>5<br>\nAutomatisierte Entscheidungsfindung<br>\nEine automatisierte Entscheidungsfindung auf der Grundlage der erhobenen personenbezogenen Daten findet nicht statt.<\/p>\n\n\n\n<p>6 Weitergabe von Daten an Dritte, Keine Daten\u00fcbertragung ins Nicht-EU-Ausland<br>\nGrunds\u00e4tzlich verwenden ich Ihre personenbezogenen Daten nur innerhalb \ndes Blogs. Wenn und soweit ich Dritte im Rahmen der Erf\u00fcllung von \nVertr\u00e4gen einschalte (etwa Logistik-Dienstleister) erhalten diese \npersonenbezogene Daten nur in dem Umfang, in<br>\nwelchem die \u00dcbermittlung f\u00fcr die entsprechende Leistung erforderlich \nist.&nbsp; F\u00fcr den Fall, dass ich bestimmte Teile der Datenverarbeitung \nauslagere (\u201eAuftragsverarbeitung\u201c), verpflichte ich den \nAuftragsverarbeiter vertraglich dazu, personenbezogene Daten nur im \nEinklang mit den Anforderungen der Datenschutzgesetze zu verwenden und \nden Schutz der Rechte der betroffenen Person zu gew\u00e4hrleisten. Eine \nDaten\u00fcbertragung an Stellen oder Personen au\u00dferhalb der EU au\u00dferhalb der\n in dieser Erkl\u00e4rung in Punkt 2.3 genannten F\u00e4llen findet nicht statt \nund ist nicht geplant.<\/p>\n\n\n\n<p>7<br>\nDatenschutzbeauftragter (optional)<br>\nSollten Sie noch Fragen oder Bedenken zum Datenschutz haben, so wenden \nSie sich bitte direkt an mich, Guido Sch\u00fcffelgen \n(Datenschutzbeauftragter)<br>\n\u2026<br>\nBereitgestellt durch: RA Maximilian Greger (www.law-blog.de)<a href=\"http:\/\/vollzeitvater.de\/impressum\/datenschutz\/#respond\">Schreib einen Kommentar<\/a><\/p>\n","protected":false},"excerpt":{"rendered":"<p>Allgemeine Hinweise Ich nehme den Schutz Ihrer pers\u00f6nlichen Daten sehr ernst und halte mich strikt an die Regeln der Datenschutzgesetze. Personenbezogene Daten werden auf dieser Webseite nur im technisch notwendigen Umfang erhoben. In keinem Fall werden die erhobenen Daten verkauft oder aus anderen Gr\u00fcnden an Dritte weitergegeben. Die nachfolgende Erkl\u00e4rung (unten) gibt Ihnen einen \u00dcberblick dar\u00fcber, wie ich diesen Schutz gew\u00e4hrleiste und welche Art von Daten zu welchem Zweck erhoben werden. Datenverarbeitung auf dieser Internetseite Mein Webspace-Provider erhebt und speichert &hellip; <\/p>\n","protected":false},"author":1,"featured_media":0,"parent":0,"menu_order":0,"comment_status":"closed","ping_status":"closed","template":"","meta":{"footnotes":""},"class_list":["post-58","page","type-page","status-publish","hentry"],"jetpack_sharing_enabled":true,"_links":{"self":[{"href":"https:\/\/judo4bjj.de\/index.php?rest_route=\/wp\/v2\/pages\/58","targetHints":{"allow":["GET"]}}],"collection":[{"href":"https:\/\/judo4bjj.de\/index.php?rest_route=\/wp\/v2\/pages"}],"about":[{"href":"https:\/\/judo4bjj.de\/index.php?rest_route=\/wp\/v2\/types\/page"}],"author":[{"embeddable":true,"href":"https:\/\/judo4bjj.de\/index.php?rest_route=\/wp\/v2\/users\/1"}],"replies":[{"embeddable":true,"href":"https:\/\/judo4bjj.de\/index.php?rest_route=%2Fwp%2Fv2%2Fcomments&post=58"}],"version-history":[{"count":4,"href":"https:\/\/judo4bjj.de\/index.php?rest_route=\/wp\/v2\/pages\/58\/revisions"}],"predecessor-version":[{"id":65,"href":"https:\/\/judo4bjj.de\/index.php?rest_route=\/wp\/v2\/pages\/58\/revisions\/65"}],"wp:attachment":[{"href":"https:\/\/judo4bjj.de\/index.php?rest_route=%2Fwp%2Fv2%2Fmedia&parent=58"}],"curies":[{"name":"wp","href":"https:\/\/api.w.org\/{rel}","templated":true}]}}