{"id":9,"date":"2019-09-24T13:49:37","date_gmt":"2019-09-24T13:49:37","guid":{"rendered":"http:\/\/judo4bjj.de\/?page_id=9"},"modified":"2019-09-27T14:33:53","modified_gmt":"2019-09-27T14:33:53","slug":"brazilian-jiu-jitsu","status":"publish","type":"page","link":"https:\/\/judo4bjj.de\/?page_id=9","title":{"rendered":"Brazilian Jiu Jitsu (BJJ)"},"content":{"rendered":"\r\n<p>F\u00fcr Judoka ist das Brasilianische Jiu Jitsu (BJJ) eine hervorragende Erg\u00e4nzung, um die Ne-Waza Techniken zu optimieren und die Bodenkampf-Kompetenzen zu verbessern.<\/p>\r\n<p>Unser Bodentraining mit und ohne Gi orientiert sich daher stark an der Trainingsmethodik und -didaktik des BJJ, welches in unseren Augen eine sehr gute Weiterentwicklung des traditionellen Judos am Boden ist.<\/p>\r\n<p>Einige von uns trainieren BJJ zus\u00e4tzlich zum Judo in verschiedenen Schulen und besuchen regelm\u00e4\u00dfig Seminare von bekannten Professoren. Dieses Wissen flie\u00dft in unser Training mit ein und erg\u00e4nzt oder verbessert unsere Techniken aus dem Judo.<\/p>\r\n<p>Insbesondere die teilweise komplexen und aufw\u00e4ndigen &#8222;Transitions&#8220;, sowie das sogenannte &#8222;Guard-Play&#8220; sind den meisten Judoka v\u00f6llig unbekannt.<\/p>\r\n<p>Wir vermitteln unseren Anf\u00e4ngern beim Judo die Techniken aus dem BJJ ebenso wie die f\u00fcr G\u00fcrtelpr\u00fcfungen geforderten Haltegriffe und Einzeltechniken der Ne-Waza. Auf diese Weise k\u00f6nnen unsere Gelbgurte oft erfahrenen Sport-Judoka das Leben im Boden sehr schwer machen.<\/p>\r\n","protected":false},"excerpt":{"rendered":"<p>F\u00fcr Judoka ist das Brasilianische Jiu Jitsu (BJJ) eine hervorragende Erg\u00e4nzung, um die Ne-Waza Techniken zu optimieren und die Bodenkampf-Kompetenzen zu verbessern. Unser Bodentraining mit und ohne Gi orientiert sich daher stark an der Trainingsmethodik und -didaktik des BJJ, welches in unseren Augen eine sehr gute Weiterentwicklung des traditionellen Judos am Boden ist. Einige von uns trainieren BJJ zus\u00e4tzlich zum Judo in verschiedenen Schulen und besuchen regelm\u00e4\u00dfig Seminare von bekannten Professoren. Dieses Wissen flie\u00dft in unser Training mit ein und &hellip; <\/p>\n","protected":false},"author":1,"featured_media":0,"parent":0,"menu_order":0,"comment_status":"closed","ping_status":"closed","template":"","meta":{"footnotes":""},"class_list":["post-9","page","type-page","status-publish","hentry"],"jetpack_sharing_enabled":true,"_links":{"self":[{"href":"https:\/\/judo4bjj.de\/index.php?rest_route=\/wp\/v2\/pages\/9","targetHints":{"allow":["GET"]}}],"collection":[{"href":"https:\/\/judo4bjj.de\/index.php?rest_route=\/wp\/v2\/pages"}],"about":[{"href":"https:\/\/judo4bjj.de\/index.php?rest_route=\/wp\/v2\/types\/page"}],"author":[{"embeddable":true,"href":"https:\/\/judo4bjj.de\/index.php?rest_route=\/wp\/v2\/users\/1"}],"replies":[{"embeddable":true,"href":"https:\/\/judo4bjj.de\/index.php?rest_route=%2Fwp%2Fv2%2Fcomments&post=9"}],"version-history":[{"count":4,"href":"https:\/\/judo4bjj.de\/index.php?rest_route=\/wp\/v2\/pages\/9\/revisions"}],"predecessor-version":[{"id":87,"href":"https:\/\/judo4bjj.de\/index.php?rest_route=\/wp\/v2\/pages\/9\/revisions\/87"}],"wp:attachment":[{"href":"https:\/\/judo4bjj.de\/index.php?rest_route=%2Fwp%2Fv2%2Fmedia&parent=9"}],"curies":[{"name":"wp","href":"https:\/\/api.w.org\/{rel}","templated":true}]}}